{"id":3804,"date":"2024-06-07T12:05:57","date_gmt":"2024-06-07T10:05:57","guid":{"rendered":"https:\/\/www.providereconcepts.ch\/politique-de-confidentialite\/"},"modified":"2025-01-17T10:43:29","modified_gmt":"2025-01-17T09:43:29","slug":"politica-sulla-privacy","status":"publish","type":"page","link":"https:\/\/www.providereconcepts.ch\/it\/politica-sulla-privacy\/","title":{"rendered":"Politica sulla privacy"},"content":{"rendered":"<p>[vc_row][vc_column][vc_column_text]<\/p>\n<h1 id=\"politica-sulla-privacy\">Politica sulla privacy<\/h1>\n<h2 id=\"-impressum\">1. Impressum<\/h2>\n<p>Providere Concepts SA<br \/>\nSilbergasse 42<\/p>\n<p>2503 Biel\/Bienne<br \/>\nSvizzera<\/p>\n<p><strong>Indirizzo per la corrispondenza <\/strong><br \/>\nCasella postale 955<br \/>\n2501 Biel\/Bienne<br \/>\nSvizzera<\/p>\n<p>E-Mail: <a rel=\"noreferrer\">info@providereconcepts.ch<\/a><br \/>\nTelefono: +41 (0)32 544 14 14<\/p>\n<p><strong>Amministratore Delegato<\/strong>: Bruno Rullo<\/p>\n<p><strong>Iscrizione nel registro di commercio<\/strong><br \/>\nNome aziendale registrato: Providere Concepts AG (Providere Concepts SA) (Providere Concepts SA)<br \/>\nNumero azienda: CHE-114.352.902<br \/>\nUfficio del registro di commercio: Cantone di Berna<\/p>\n<p><strong>Concetto, contenuti e design:<\/strong> Agnes Sommer<\/p>\n<p><strong>Garanzia<\/strong><br \/>\nCi impegniamo a fornire informazioni quanto pi\u00f9 corrette e aggiornate possibile. Tuttavia, possono verificarsi errori. I contenuti sono stati elaborati con cura. Tuttavia, gli autori e gli editori non garantiscono n\u00e9 si assumono alcuna responsabilit\u00e0 per l&#8217;esattezza, l&#8217;affidabilit\u00e0, la completezza e l&#8217;attualit\u00e0 delle informazioni. L&#8217;uso del sito web e delle informazioni in esso contenute avviene a proprio rischio. Le modifiche possono essere effettuate in qualsiasi momento.<\/p>\n<p><strong>Responsabilit\u00e0 per i link<\/strong><br \/>\nRiferimenti e link a siti web di terzi sono al di fuori del nostro ambito di responsabilit\u00e0. Decliniamo qualsiasi responsabilit\u00e0 per tali siti web. L&#8217;accesso e l&#8217;uso di tali siti web avviene a rischio e pericolo dell&#8217;utente.<\/p>\n<p><strong>Diritti d&#8217;autore<\/strong><br \/>\nI diritti d&#8217;autore e tutti gli altri diritti sui contenuti, immagini, foto o altri file presenti sul sito web appartengono esclusivamente a Providere Concepts AG o ai titolari dei diritti espressamente indicati.<\/p>\n<p><strong>Programmazione e implementazione<\/strong><br \/>\nSEEkers GmbH<br \/>\nRue de la Gare 10<br \/>\n2074 Marin-Epagnier<br \/>\nSvizzera<\/p>\n<p><a href=\"http:\/\/www.seekers.ch\" target=\"_new\" rel=\"noreferrer noopener\">www.seekers.ch<\/a><\/p>\n<h2 id=\"-introduzione\">2. Introduzione<\/h2>\n<p>Questa politica sulla privacy \u00e8 stata redatta in conformit\u00e0 con il Regolamento generale sulla protezione dei dati (GDPR) dell&#8217;Unione Europea e con la nuova Legge federale svizzera sulla protezione dei dati (revDSG). Utilizzando il nostro sito web, accetti la nostra politica sulla privacy.<\/p>\n<p>Attribuiamo grande importanza alla protezione della tua privacy e ti mostriamo di seguito come trattiamo i tuoi dati personali, come ne garantiamo la sicurezza, il nostro uso di cookie e altre tecnologie in relazione all&#8217;uso del nostro sito web.<\/p>\n<h2 id=\"-principi-di-protezione-dei-da\">3. Principi di protezione dei dati personali<\/h2>\n<p>Ci impegniamo a proteggere la tua privacy e a trattare i tuoi dati personali in modo responsabile e in conformit\u00e0 con le leggi vigenti. Limitiamo la raccolta dei dati a quanto strettamente necessario. Conserviamo i dati personali per il tempo necessario a fornire i nostri servizi e a rispettare i nostri obblighi legali.<\/p>\n<h2 id=\"-raccolta-e-trattamento-dei-da\">4. Raccolta e trattamento dei dati personali<\/h2>\n<p>Per migliorare l&#8217;esperienza utente sul nostro sito web, vengono raccolti vari tipi di dati. Ecco un elenco dettagliato:<\/p>\n<ul>\n<li>Il tuo indirizzo IP e altre modalit\u00e0 per riconoscere il tuo dispositivo, come l&#8217;indirizzo MAC.<\/li>\n<li>Informazioni specifiche sul tuo dispositivo, memorizzate tramite cookie e altre tecnologie simili, come i pixel tag.<\/li>\n<li>Dettagli sul tuo dispositivo e su come \u00e8 configurato, come il tipo di sistema operativo utilizzato e la lingua selezionata.<\/li>\n<li>Dettagli sul browser che utilizzi per visitare i nostri siti web o utilizzare le nostre applicazioni e la relativa configurazione.<\/li>\n<li>Comportamento sui nostri siti web e applicazioni, incluse le tue azioni e movimenti.<\/li>\n<li>Dettagli del tuo provider di servizi internet.<\/li>\n<li>La tua posizione approssimativa e quando utilizzi i nostri servizi.<\/li>\n<li>Dati registrati dal sistema riguardo a quando accedi ai nostri servizi o esegui altre azioni.<\/li>\n<\/ul>\n<p>Queste informazioni ci permettono di personalizzare la tua esperienza di navigazione e di fornirci informazioni utili per migliorare i nostri servizi.<\/p>\n<p>Quando ci contatti, sia tramite i moduli online sul nostro sito web sia direttamente via e-mail, telefono o altro mezzo di comunicazione, le informazioni che ci fornisci verranno utilizzate per gestire la tua richiesta per la durata della nostra relazione. Queste informazioni possono includere il tuo nome, il tuo indirizzo e-mail, il tuo numero di telefono e tutte le informazioni relative alla tua richiesta o al motivo del tuo contatto.<\/p>\n<h2 id=\"-consenso\">5. Consenso<\/h2>\n<p>Otteniamo il tuo consenso alla raccolta e al trattamento dei tuoi dati personali in modo chiaro e inequivocabile. Hai il diritto di accedere ai tuoi dati personali, correggerli, cancellarli, limitare il loro trattamento, opporti al trattamento e riceverli. Puoi revocare il tuo consenso in qualsiasi momento contattandoci tramite i contatti indicati alla fine di questa politica sulla privacy.<\/p>\n<h2 id=\"-cookie-tracciamento-e-altre-t\">6. Cookie, tracciamento e altre tecnologie legate all&#8217;uso del nostro sito web<\/h2>\n<p>Utilizziamo cookie e altre tecniche simili per rendere il nostro sito web pi\u00f9 user-friendly, efficiente e sicuro. Queste tecniche ci permettono, ad esempio, di personalizzare il nostro sito web e migliorare la tua esperienza di navigazione. Puoi controllare e\/o eliminare questi cookie tramite le impostazioni del tuo browser.<\/p>\n<p>Ulteriori informazioni su questi strumenti e su come controllarli possono essere trovate nella loro politica sulla privacy:<\/p>\n<p><strong>Necessari \/ Funzionali:<\/strong><\/p>\n<table width=\"669\">\n<tbody>\n<tr>\n<td width=\"100\"><strong>Nome<\/strong><\/td>\n<td width=\"75\"><strong>Strumento<\/strong><\/td>\n<td width=\"144\"><strong>Scopo<\/strong><\/td>\n<td width=\"118\"><strong>Fornitore<\/strong><\/td>\n<td width=\"219\"><strong>Indirizzo<\/strong><\/td>\n<\/tr>\n<tr>\n<td width=\"100\">shield-notbot-nonce<\/td>\n<td width=\"75\">Shield Security<\/td>\n<td width=\"144\">Sicurezza<\/td>\n<td width=\"118\">Fernleaf Systems Limited<\/td>\n<td width=\"219\">Fernleaf Systems Limited<br \/>\n55-59 Adelaide Street, Belfast, Northern Ireland, BT2 8FE<\/td>\n<\/tr>\n<tr>\n<td width=\"100\">cookieyes-consent<\/td>\n<td width=\"75\">CookieYes<\/td>\n<td width=\"144\">Validazione dei cookie<\/td>\n<td width=\"118\">CookieYes Limited<\/td>\n<td width=\"219\">3 Warren Yard Warren Park, Wolverton Mill, Milton Keynes, MK12 5NW, United Kingdom.<\/td>\n<\/tr>\n<tr>\n<td width=\"100\">icwp-wpsf-notbot<\/td>\n<td width=\"75\">Shield Security<\/td>\n<td width=\"144\">Sicurezza<\/td>\n<td width=\"118\">Fernleaf Systems Limited<\/td>\n<td width=\"219\">Fernleaf Systems Limited<br \/>\n55-59 Adelaide Street, Belfast, Northern Ireland, BT2 8FE<\/td>\n<\/tr>\n<\/tbody>\n<\/table>\n<p><strong>Analitici:<\/strong><\/p>\n<table width=\"502\">\n<tbody>\n<tr>\n<td width=\"108\"><strong>Nome<\/strong><\/td>\n<td width=\"106\"><strong>Strumento<\/strong><\/td>\n<td width=\"99\"><strong>Scopo<\/strong><\/td>\n<td width=\"70\"><strong>Fornitore<\/strong><\/td>\n<td width=\"108\"><strong>Indirizzo<\/strong><\/td>\n<\/tr>\n<tr>\n<td width=\"108\">_ga_*<\/td>\n<td width=\"106\">Google Analytics<\/td>\n<td width=\"99\">Analisi del traffico e del comportamento<\/td>\n<td width=\"70\">Google Inc.<\/td>\n<td width=\"108\">600 Amphitheatre Parkway<br \/>\nMountain View, CA 94043, USA<\/td>\n<\/tr>\n<tr>\n<td width=\"108\">_ga \/ _gat_UA-*<\/td>\n<td width=\"106\">Google Analytics<\/td>\n<td width=\"99\">Analisi del traffico e del comportamento<\/td>\n<td width=\"70\">Google Inc.<\/td>\n<td width=\"108\">600 Amphitheatre Parkway<br \/>\nMountain View, CA 94043, USA<\/td>\n<\/tr>\n<tr>\n<td width=\"108\">_gid<\/td>\n<td width=\"106\">Google Analytics<\/td>\n<td width=\"99\">Analisi del traffico e del comportamento<\/td>\n<td width=\"70\">Google Inc.<\/td>\n<td width=\"108\">600 Amphitheatre Parkway<br \/>\nMountain View, CA 94043, USA<\/td>\n<\/tr>\n<tr>\n<td width=\"108\">_gat_gtag_UA_*<\/td>\n<td width=\"106\">Google Analytics<\/td>\n<td width=\"99\">Analisi del traffico e del comportamento<\/td>\n<td width=\"70\">Google Inc.<\/td>\n<td width=\"108\">600 Amphitheatre Parkway<br \/>\nMountain View, CA 94043, USA<strong style=\"color: #444444; font-size: 1rem;\">\u00a0<\/strong><\/td>\n<\/tr>\n<\/tbody>\n<\/table>\n<h2 id=\"-condivisione-dei-dati-con-ter\">7. Condivisione dei dati con terzi<\/h2>\n<p>I tuoi dati personali non saranno condivisi con terzi senza il tuo previo consenso, salvo che ci\u00f2 non sia necessario per il servizio a cui ti sei iscritto o per adempiere ai nostri obblighi legali.<\/p>\n<h2 id=\"-durata-della-conservazione-de\">8. Durata della conservazione dei dati personali<\/h2>\n<p>Conserviamo i tuoi dati personali solo per il tempo necessario a fornire il servizio a cui ti sei iscritto o per il tempo richiesto dalla legge.<\/p>\n<h2 id=\"-sicurezza-dei-dati\">9. Sicurezza dei dati<\/h2>\n<p>Utilizziamo misure tecniche e organizzative per proteggere i tuoi dati da accessi non autorizzati, perdita accidentale, distruzione e danneggiamento.<\/p>\n<p>In caso di violazioni della sicurezza che riguardano le tue informazioni personali, ti informeremo il pi\u00f9 presto possibile e prenderemo tutte le misure necessarie per minimizzare gli effetti e ripristinare la sicurezza dei tuoi dati.<\/p>\n<h2 id=\"-posizione-e-conservazione-dei\">10. Posizione e conservazione dei tuoi dati<\/h2>\n<p>I dati raccolti sono conservati in sicurezza in Svizzera presso il nostro fornitore.<\/p>\n<p><b>Infomaniak SA<br \/>\n<\/b>Rue Eug\u00e8ne-Marziano 25,<br \/>\n1227 Gen\u00e8ve,<br \/>\nSchweiz<br \/>\n<a href=\"http:\/\/www.infomaniak.ch\" target=\"_blank\" rel=\"noopener\">www.infomaniak.ch<\/a><\/p>\n<h2 id=\"-modifiche-alla-politica-sulla\">11. Modifiche alla politica sulla privacy<\/h2>\n<p>Ci riserviamo il diritto di modificare questa politica sulla privacy. Ti consigliamo di controllare regolarmente questa pagina per essere informato su eventuali cambiamenti.<\/p>\n<h2 id=\"-contatto-per-la-privacy\">12. Contatto per la privacy<\/h2>\n<p>Providere Concepts SA<br \/>\nSilbergasse 42<br \/>\n2503 Biel\/Bienne<br \/>\nSvizzera<\/p>\n<p>Casella postale 955<br \/>\n2501 Biel\/Bienne<br \/>\nSvizzera<\/p>\n<p>E-Mail: <a rel=\"noreferrer\">info@providereconcepts.ch<\/a><br \/>\nTelefono: +41 (0)32 544 14 14<\/p>\n<p>Versione del 10 giugno 2024[\/vc_column_text][\/vc_column][\/vc_row]<\/p>\n","protected":false},"excerpt":{"rendered":"<p>[vc_row][vc_column][vc_column_text] Politica sulla privacy 1. Impressum Providere Concepts SA Silbergasse 42 2503 Biel\/Bienne Svizzera Indirizzo per la corrispondenza Casella postale 955 2501 Biel\/Bienne Svizzera E-Mail: info@providereconcepts.ch Telefono: +41 (0)32 544 14 14 Amministratore Delegato: Bruno Rullo Iscrizione nel registro di commercio Nome aziendale registrato: Providere Concepts AG (Providere Concepts SA) (Providere Concepts SA) Numero azienda: CHE-114.352.902 Ufficio del registro di commercio: Cantone di Berna Concetto, contenuti e design: Agnes Sommer Garanzia Ci impegniamo a fornire informazioni quanto pi\u00f9 corrette e aggiornate possibile. Tuttavia, possono verificarsi <\/p>\n","protected":false},"author":1,"featured_media":0,"parent":0,"menu_order":0,"comment_status":"closed","ping_status":"closed","template":"","meta":{"footnotes":""},"class_list":["post-3804","page","type-page","status-publish","hentry"],"aioseo_notices":[],"_links":{"self":[{"href":"https:\/\/www.providereconcepts.ch\/it\/wp-json\/wp\/v2\/pages\/3804"}],"collection":[{"href":"https:\/\/www.providereconcepts.ch\/it\/wp-json\/wp\/v2\/pages"}],"about":[{"href":"https:\/\/www.providereconcepts.ch\/it\/wp-json\/wp\/v2\/types\/page"}],"author":[{"embeddable":true,"href":"https:\/\/www.providereconcepts.ch\/it\/wp-json\/wp\/v2\/users\/1"}],"replies":[{"embeddable":true,"href":"https:\/\/www.providereconcepts.ch\/it\/wp-json\/wp\/v2\/comments?post=3804"}],"version-history":[{"count":6,"href":"https:\/\/www.providereconcepts.ch\/it\/wp-json\/wp\/v2\/pages\/3804\/revisions"}],"predecessor-version":[{"id":3928,"href":"https:\/\/www.providereconcepts.ch\/it\/wp-json\/wp\/v2\/pages\/3804\/revisions\/3928"}],"wp:attachment":[{"href":"https:\/\/www.providereconcepts.ch\/it\/wp-json\/wp\/v2\/media?parent=3804"}],"curies":[{"name":"wp","href":"https:\/\/api.w.org\/{rel}","templated":true}]}}