{"id":3414,"date":"2016-05-12T15:45:07","date_gmt":"2016-05-12T13:45:07","guid":{"rendered":"https:\/\/www.providereconcepts.ch\/news\/"},"modified":"2026-03-19T09:49:08","modified_gmt":"2026-03-19T08:49:08","slug":"news","status":"publish","type":"page","link":"https:\/\/www.providereconcepts.ch\/it\/news\/","title":{"rendered":"News"},"content":{"rendered":"<p>[vc_row gap=&#8221;10&#8243;][vc_column][vc_raw_html]JTNDYSUyMGNsYXNzJTNEJTIyYW5jaG9yJTIyJTIwaWQlM0QlMjJha3R1ZWxsZXMlMjIlM0UlM0MlMkZhJTNF[\/vc_raw_html]\n\t\t<div class=\"section-title text-left\">\n\t\t\t<h2>Attualit\u00e0<\/h2>\n\t\t\t<p class=\"lead \"><\/p>\n\t\t<\/div><!-- \/.section-title -->\n\t[vc_row_inner equal_height=&#8221;yes&#8221; content_placement=&#8221;middle&#8221; css=&#8221;.vc_custom_1576599841657{margin-top: 32px !important;margin-bottom: 32px !important;}&#8221;][vc_column_inner el_class=&#8221;vc_col-md-push-8&#8243; css=&#8221;.vc_custom_1773910117402{background-position: center !important;background-repeat: no-repeat !important;background-size: contain !important;}&#8221; offset=&#8221;vc_col-md-4&#8243;][vc_single_image image=&#8221;4067&#8243; img_size=&#8221;full&#8221; alignment=&#8221;center&#8221; onclick=&#8221;custom_link&#8221; img_link_target=&#8221;_blank&#8221; css_animation=&#8221;fadeIn&#8221; css=&#8221;.vc_custom_1773831459678{margin-top: 100px !important;}&#8221; link=&#8221;https:\/\/www.kompasstag.ch\/#informationen&#8221;][\/vc_column_inner][vc_column_inner el_class=&#8221;vc_col-md-pull-4&#8243; offset=&#8221;vc_col-md-8&#8243;][vc_raw_html]JTNDYSUyMGNsYXNzJTNEJTIyYW5jaG9yJTIyJTIwaWQlM0QlMjJrb21wYXNzJTIyJTNFJTNDJTJGYSUzRQ==[\/vc_raw_html][vc_column_text]<\/p>\n<h3 id=\"bekb-kompasstag\">BEKB-Kompasstag<\/h3>\n<p>Quali sono le possibilit\u00e0 di finanziamento per la mia impresa? Il mio modello di business funziona? Con quale strategia di marketing raggiungo potenziali clienti\/e? E cosa devo considerare dal punto di vista legale per la fondazione dell&#8217;impresa?<\/p>\n<p>Prima di fondare un&#8217;impresa, spesso sorgono migliaia di domande. Risparmia tempo prezioso e tanti grattacapi con il BEKB-Kompasstag: concentrati in un&#8217;unica giornata, le nostre esperte ed esperti ti forniscono preziosi spunti e rispondono a tutte le tue domande su tutti gli aspetti legati alla creazione d&#8217;impresa e allo sviluppo della tua idea di business.<\/p>\n<p>Partecipando al BEKB-Kompasstag, benefici gratuitamente della seguente offerta:<\/p>\n<ul>\n<li><strong>Consulenza professionale<\/strong> : Nel corso di 6 sessioni di coaching individuale con esperti\/e nei settori del marketing, del diritto, dello sviluppo di prodotti\/offerte, della fiduciaria, delle assicurazioni e del finanziamento, ricevi risposte oneste a tutte le tue domande sulla tua idea di business e sulla prossima fondazione.<\/li>\n<li><strong>Boost imprenditoriale<\/strong> : Lasciati ispirare da fondatori\/trici di successo e raccogli preziosi spunti di riflessione e raccomandazioni che ti avvicineranno significativamente alla tua impresa.<\/li>\n<li><strong>Scambio di esperienze stimolante<\/strong> : Durante il talk ispirazionale, scoprirai di pi\u00f9 sul percorso di fondatori\/trici di startup di successo, gli ostacoli che hanno incontrato lungo la strada e cosa farebbero diversamente oggi.<\/li>\n<li><strong>Community e rete<\/strong> : Conoscerai personalit\u00e0 interessanti e amplierai la tua rete con persone affini, che potranno svolgere un ruolo importante per la tua impresa in futuro.<\/li>\n<\/ul>\n<p>Candidati oggi stesso e partecipa al BEKB-Kompasstag di tua scelta![\/vc_column_text][\/vc_column_inner][\/vc_row_inner][vc_row_inner equal_height=&#8221;yes&#8221; content_placement=&#8221;middle&#8221; css=&#8221;.vc_custom_1576599841657{margin-top: 32px !important;margin-bottom: 32px !important;}&#8221;][vc_column_inner css=&#8221;.vc_custom_1587563067225{background-position: center !important;background-repeat: no-repeat !important;background-size: contain !important;}&#8221; offset=&#8221;vc_col-md-4&#8243;][vc_single_image image=&#8221;3778&#8243; img_size=&#8221;full&#8221; alignment=&#8221;center&#8221; css_animation=&#8221;fadeIn&#8221; css=&#8221;.vc_custom_1717754338129{margin-top: 100px !important;}&#8221;][\/vc_column_inner][vc_column_inner offset=&#8221;vc_col-md-8&#8243;][vc_raw_html]JTNDYSUyMGNsYXNzJTNEJTIyYW5jaG9yJTIyJTIwaWQlM0QlMjJwZW5zaW9uc2thc3NldW50ZXJuZWhtZW4lMjIlM0UlM0MlMkZhJTNF[\/vc_raw_html][vc_column_text]<\/p>\n<h3 id=\"die-richtige-pensionskasse-f\u00fc\">Il fondo pensione adatto alla vostra azienda<\/h3>\n<p>Il percorso verso il fondo pensione ottimale inizia con una revisione dell&#8217;accordo di affiliazione esistente.<\/p>\n<p>Il mercato dei fondi pensione \u00e8 cambiato notevolmente negli ultimi anni. Le grandi differenze di costo rendono utile una revisione, poich\u00e9 il fondo pi\u00f9 costoso addebita pi\u00f9 del doppio di quello pi\u00f9 economico per le stesse prestazioni. I rischi e i costi variano fino al 20%.<\/p>\n<p>Oltre ai costi, ci sono anche altri fattori da considerare per trovare la soluzione previdenziale ottimale per la vostra azienda. Non esiste una risposta generale su quale soluzione sia adatta a quale azienda. Vale quindi la pena di rivedere la vostra situazione attuale in modo dettagliato, per trovare la soluzione ideale per voi e sfruttare appieno il potenziale esistente.<\/p>\n<p>Una revisione del fondo pensione non fa parte dell&#8217;attivit\u00e0 quotidiana di un&#8217;azienda. Ecco perch\u00e9 conviene rivolgersi a uno specialista. Approfittate della nostra offerta e del nostro servizio per trovare una soluzione perfettamente coordinata per voi e adatta alla vostra struttura aziendale.<\/p>\n<p>Il nostro esperto LPP, <strong><a href=\"mailto:bruno.rullo@providereconcepts.ch\">Bruno Rullo<\/a><\/strong>, pu\u00f2 contare su oltre 25 anni di esperienza pratica nella previdenza professionale. Sar\u00e0 lieto di consigliarvi conoscendo perfettamente il mercato.[\/vc_column_text][\/vc_column_inner][\/vc_row_inner][vc_row_inner css=&#8221;.vc_custom_1602081403720{margin-top: 32px !important;margin-bottom: 95px !important;}&#8221;][vc_column_inner el_class=&#8221;vc_col-md-push-8&#8243; offset=&#8221;vc_col-md-4 vc_col-xs-12&#8243;][vc_single_image image=&#8221;3415&#8243; img_size=&#8221;full&#8221; alignment=&#8221;center&#8221; css_animation=&#8221;fadeIn&#8221; css=&#8221;.vc_custom_1587974229390{margin-top: 75px !important;}&#8221;][\/vc_column_inner][vc_column_inner el_class=&#8221;vc_col-md-pull-4&#8243; offset=&#8221;vc_col-md-8 vc_col-xs-12&#8243;][vc_raw_html]JTNDYSUyMGNsYXNzJTNEJTIyYW5jaG9yJTIyJTIwaWQlM0QlMjJwZW5zaW9uc3BsYW51bmclMjIlM0UlM0MlMkZhJTNF[\/vc_raw_html][vc_column_text]<\/p>\n<h3 id=\"pensionsplanung\">Pianificazione della pensione<\/h3>\n<p>Un inizio spensierato di una nuova fase della vita Il pensionamento segna l&#8217;inizio di una tappa della vita che pone degli interrogativi :<\/p>\n<ul>\n<li>Posso permettermi di andare in pensione anticipata?<\/li>\n<li>Quale reddito percepir\u00f2 dopo il pensionamento?<\/li>\n<li>Il mio patrimonio durer\u00e0 fino alla vecchiaia?<\/li>\n<li>Dovrei farmi versare il denaro del fondo pensione o sarebbe meglio riscuotere la mia pensione?<\/li>\n<li>Sarebbe sensato un 50% di versamenti \/ 50% di pensione?<\/li>\n<li>Modifiche e adeguamenti dei mutui esistenti?<\/li>\n<\/ul>\n<p>\u00c8 importante occuparsi per tempo della previdenza personale e noi possiamo aiutarvi a impostare la giusta rotta finanziaria gi\u00e0 oggi.<\/p>\n<p>Con l&#8217;aiuto della nostra analisi professionale della <strong>pensione\/pianificazione finanziaria<\/strong>, vi mostreremo tutte le soluzioni possibili. <a href=\"mailto:info@providereconcepts.ch\"><strong>Contattateci senza impegno<\/strong><\/a>.[\/vc_column_text][\/vc_column_inner][\/vc_row_inner][vc_row_inner css=&#8221;.vc_custom_1602076880493{margin-top: 32px !important;margin-bottom: 75px !important;}&#8221;][vc_column_inner offset=&#8221;vc_col-md-4&#8243;][vc_single_image image=&#8221;2169&#8243; img_size=&#8221;full&#8221; alignment=&#8221;center&#8221; css_animation=&#8221;fadeIn&#8221;][\/vc_column_inner][vc_column_inner offset=&#8221;vc_col-md-8&#8243;][vc_raw_html]JTNDYSUyMGNsYXNzJTNEJTIyYW5jaG9yJTIyJTIwaWQlM0QlMjJ2ZXJzaWNoZXJ1bmdzamFocmVuJTIyJTNFJTNDJTJGYSUzRQ==[\/vc_raw_html][vc_column_text css=&#8221;.vc_custom_1707909518925{margin-top: -30px !important;}&#8221;]<\/p>\n<h3 id=\"einkauf-von-versicherungsjahre\">Riscatto di anni di assicurazione nella previdenza professionale<\/h3>\n<p>Ogni anno gli assicurati che hanno la possibilit\u00e0 di riscattare prestazioni hanno la possibilit\u00e0 di riscattare anni di assicurazione nel regime pensionistico professionale.<\/p>\n<p>Oltre a risparmio fiscale. Il riscatto \u00e8 quindi uno strumento di investimento a lungo termine.<\/p>\n<p>Chiedete al <strong><a href=\"mailto:bruno.rullo@providereconcepts.ch\">nostro esperto di fondi pensione<\/a><\/strong>. Sar\u00e0 lieto di rispondere a tutte le vostre domande.[\/vc_column_text][\/vc_column_inner][\/vc_row_inner][vc_row_inner css=&#8221;.vc_custom_1576507062301{margin-top: 32px !important;margin-bottom: 32px !important;}&#8221;][vc_column_inner el_class=&#8221;vc_col-md-push-8&#8243; offset=&#8221;vc_col-md-4&#8243;][vc_single_image image=&#8221;3418&#8243; img_size=&#8221;full&#8221; alignment=&#8221;center&#8221; css_animation=&#8221;fadeIn&#8221;][\/vc_column_inner][vc_column_inner el_class=&#8221;vc_col-md-pull-4&#8243; offset=&#8221;vc_col-md-8&#8243;][vc_column_text css=&#8221;.vc_custom_1707909536395{margin-top: 45px !important;}&#8221;]<strong>Trova qui la migliore assicurazione malattia<\/strong><\/p>\n<p>Le prestazioni di base dell&#8217;assicurazione malattia sono definite con precisione dalla legge (LAMal) e sono quindi uguali per tutte le compagnie di assicurazione malattia. Un confronto tra le assicurazioni malattie pu\u00f2 quindi essere economicamente vantaggioso per voi.<\/p>\n<p>Per un confronto neutrale delle assicurazioni malattia, vi consigliamo il calcolatore dei premi delle assicurazioni malattia della Confederazione Svizzera :[\/vc_column_text][vc_single_image image=&#8221;4048&#8243; img_size=&#8221;medium&#8221; onclick=&#8221;custom_link&#8221; img_link_target=&#8221;_blank&#8221; link=&#8221;https:\/\/www.priminfo.admin.ch\/it\/praemien&#8221; el_class=&#8221;inline-image&#8221; css=&#8221;.vc_custom_1773834215561{margin-top: 20px !important;border-top-width: 1px !important;border-right-width: 1px !important;border-bottom-width: 1px !important;border-left-width: 1px !important;border-left-color: #000000 !important;border-left-style: solid !important;border-right-color: #000000 !important;border-right-style: solid !important;border-top-color: #000000 !important;border-top-style: solid !important;border-bottom-color: #000000 !important;border-bottom-style: solid !important;}&#8221;][\/vc_column_inner][\/vc_row_inner][\/vc_column][\/vc_row][vc_row gap=&#8221;10&#8243; css=&#8221;.vc_custom_1605081688725{margin-top: 100px !important;}&#8221;][vc_column][vc_raw_html]JTNDYSUyMGNsYXNzJTNEJTIyYW5jaG9yJTIyJTIwaWQlM0QlMjJ3aXNzZW5zd2VydGVzJTIyJTNFJTNDJTJGYSUzRQ==[\/vc_raw_html]\n\t\t<div class=\"section-title text-left\">\n\t\t\t<h2>Da sapere<\/h2>\n\t\t\t<p class=\"lead \"><\/p>\n\t\t<\/div><!-- \/.section-title -->\n\t[vc_row_inner][vc_column_inner width=&#8221;1\/3&#8243;][vc_single_image image=&#8221;3992&#8243; img_size=&#8221;large&#8221; onclick=&#8221;custom_link&#8221; img_link_target=&#8221;_blank&#8221; link=&#8221;https:\/\/www.providereconcepts.ch\/wp-content\/uploads\/2026\/03\/unfallmerkblatt_f_041016.pdf&#8221; css=&#8221;.vc_custom_1773215899136{border-top-width: 1px !important;border-right-width: 1px !important;border-bottom-width: 1px !important;border-left-width: 1px !important;border-left-color: #0a0a0a !important;border-left-style: solid !important;border-right-color: #0a0a0a !important;border-right-style: solid !important;border-top-color: #0a0a0a !important;border-top-style: solid !important;border-bottom-color: #0a0a0a !important;border-bottom-style: solid !important;}&#8221;][\/vc_column_inner][vc_column_inner width=&#8221;2\/3&#8243;][vc_column_text css=&#8221;.vc_custom_1737100122217{margin-top: 45px !important;}&#8221;]Incidente d&#8217;auto all&#8217;estero &#8211; E adesso?<br \/>\nQuesto promemoria contiene informazioni su come comportarsi dopo un incidente all&#8217;estero e su quali aspetti prestare attenzione.[\/vc_column_text][\/vc_column_inner][\/vc_row_inner][vc_row_inner css=&#8221;.vc_custom_1773831516703{margin-top: 20px !important;}&#8221;][vc_column_inner el_class=&#8221;vc_col-md-push-8&#8243; width=&#8221;1\/3&#8243;][vc_single_image image=&#8221;4006&#8243; img_size=&#8221;large&#8221; onclick=&#8221;custom_link&#8221; img_link_target=&#8221;_blank&#8221; link=&#8221;https:\/\/www.ch.ch\/it\/&#8221;][\/vc_column_inner][vc_column_inner el_class=&#8221;vc_col-md-pull-4&#8243; width=&#8221;2\/3&#8243;][vc_column_text css=&#8221;.vc_custom_1773910143990{margin-top: 45px !important;}&#8221; el_class=&#8221;md-text-right&#8221;]Un servizio della Confederazione, dei Cantoni e dei comuni[\/vc_column_text][\/vc_column_inner][\/vc_row_inner][vc_row_inner css=&#8221;.vc_custom_1773831516703{margin-top: 20px !important;}&#8221;][vc_column_inner width=&#8221;1\/3&#8243;][vc_single_image image=&#8221;4053&#8243; img_size=&#8221;large&#8221; onclick=&#8221;custom_link&#8221; img_link_target=&#8221;_blank&#8221; link=&#8221;https:\/\/www.kmu.admin.ch\/kmu\/it\/home.html&#8221; el_class=&#8221;inline-image&#8221; css=&#8221;.vc_custom_1773831578168{border-top-width: 1px !important;border-right-width: 1px !important;border-bottom-width: 1px !important;border-left-width: 1px !important;border-left-color: #000000 !important;border-left-style: solid !important;border-right-color: #000000 !important;border-right-style: solid !important;border-top-color: #000000 !important;border-top-style: solid !important;border-bottom-color: #000000 !important;border-bottom-style: solid !important;}&#8221;][\/vc_column_inner][vc_column_inner width=&#8221;2\/3&#8243;][vc_column_text css=&#8221;.vc_custom_1773831546524{margin-top: 25px !important;}&#8221;]Portale PMI per piccole e medie imprese[\/vc_column_text][\/vc_column_inner][\/vc_row_inner][\/vc_column][\/vc_row][vc_row css=&#8221;.vc_custom_1602225178576{margin-bottom: -85px !important;}&#8221;][vc_column][vc_raw_html]JTNDYSUyMGNsYXNzJTNEJTIyYW5jaG9yJTIyJTIwaWQlM0QlMjJsaW5rcyUyMiUzRSUzQyUyRmElM0U=[\/vc_raw_html]\n\t\t<div class=\"section-title text-left\">\n\t\t\t<h2>Collegamenti<\/h2>\n\t\t\t<p class=\"lead \"><\/p>\n\t\t<\/div><!-- \/.section-title -->\n\t[\/vc_column][\/vc_row][vc_row][vc_column width=&#8221;1\/2&#8243;][vc_row_inner][vc_column_inner el_class=&#8221;link_card&#8221; css=&#8221;.vc_custom_1601992529548{padding-top: 15px !important;padding-right: 15px !important;padding-bottom: 15px !important;padding-left: 15px !important;background-image: url(https:\/\/www.providereconcepts.ch\/wp-content\/uploads\/2020\/03\/leistungen_4.png?id=2667) !important;background-position: center !important;background-repeat: no-repeat !important;background-size: cover !important;}&#8221;][vc_column_text]<\/p>\n<h4 id=\"die-schweizer-beh\u00f6rden-online\"><span style=\"color: #ffffff;\"> Scheda degli indicatori chiave AHV\/IV\/LPP\/LAINF<br \/>\ndella Swiss Life<\/span><\/h4>\n<p>[\/vc_column_text][vc_btn title=&#8221;PDF&#8221; i_icon_fontawesome=&#8221;fa fa-download&#8221; add_icon=&#8221;true&#8221; link=&#8221;url:https%3A%2F%2Fwww.providereconcepts.ch%2Fwp-content%2Fuploads%2F2026%2F03%2F2026-Kennzahlenkarte_aktuell_de.pdf||target:%20_blank|&#8221;][\/vc_column_inner][\/vc_row_inner][vc_row_inner][vc_column_inner el_class=&#8221;link_card&#8221; css=&#8221;.vc_custom_1601992547424{padding-top: 15px !important;padding-right: 15px !important;padding-bottom: 15px !important;padding-left: 15px !important;background-image: url(https:\/\/www.providereconcepts.ch\/wp-content\/uploads\/2020\/03\/leistungen_6.png?id=2671) !important;background-position: center !important;background-repeat: no-repeat !important;background-size: cover !important;}&#8221;][vc_column_text]<\/p>\n<h4 id=\"die-schweizer-beh\u00f6rden-online\"><span style=\"color: #ffffff;\"> Punto informativo AHV\/IV \u2013 www.ahv-iv.ch<br \/>\nRichiesta estratto conto \/ Conto individuale (CI) <\/span><\/h4>\n<p>[\/vc_column_text][vc_btn title=&#8221;Website&#8221; i_icon_fontawesome=&#8221;fa fa-external-link&#8221; add_icon=&#8221;true&#8221; link=&#8221;url:https%3A%2F%2Fwww.ahv-iv.ch%2Fit%2F||target:%20_blank|&#8221;][\/vc_column_inner][\/vc_row_inner][\/vc_column][vc_column width=&#8221;1\/2&#8243;][vc_row_inner][vc_column_inner el_class=&#8221;link_card&#8221; css=&#8221;.vc_custom_1601992539020{padding-top: 15px !important;padding-right: 15px !important;padding-bottom: 15px !important;padding-left: 15px !important;background-image: url(https:\/\/www.providereconcepts.ch\/wp-content\/uploads\/2020\/03\/leistungen_5.png?id=2669) !important;background-position: center !important;background-repeat: no-repeat !important;background-size: cover !important;}&#8221;][vc_column_text]<\/p>\n<h4 id=\"die-schweizer-beh\u00f6rden-online\"><span style=\"color: #ffffff;\">Pensioni mensili complete<br \/>\nScala 44 AHV\/IV<\/span><\/h4>\n<p>[\/vc_column_text][vc_btn title=&#8221;Website&#8221; i_icon_fontawesome=&#8221;fa fa-external-link&#8221; add_icon=&#8221;true&#8221; link=&#8221;url:https%3A%2F%2Fwww.ahv-iv.ch%2FPortals%2F0%2Fadam%2FAHV-IV%2F8SvWAfGT_kCZJNivxn3o_w%2FDocument%2FMonatliche%2520Vollrenten%2C%2520Skala%252044%252013.pdf||target:%20_blank|&#8221;][\/vc_column_inner][\/vc_row_inner][vc_row_inner css=&#8221;.vc_custom_1601992484393{background-position: center !important;background-repeat: no-repeat !important;background-size: cover !important;}&#8221;][vc_column_inner el_class=&#8221;link_card&#8221; css=&#8221;.vc_custom_1601992493648{padding-top: 15px !important;padding-right: 15px !important;padding-bottom: 15px !important;padding-left: 15px !important;background-image: url(https:\/\/www.providereconcepts.ch\/wp-content\/uploads\/2020\/03\/leistungen_1.png?id=2661) !important;background-position: center !important;background-repeat: no-repeat !important;background-size: cover !important;}&#8221;][vc_column_text]<\/p>\n<h4 id=\"die-schweizer-beh\u00f6rden-online\"><span style=\"color: #ffffff;\">Registro di commercio<br \/>\nIndice centrale delle aziende<\/span><\/h4>\n<p>[\/vc_column_text][vc_btn title=&#8221;Website&#8221; i_icon_fontawesome=&#8221;fa fa-external-link&#8221; add_icon=&#8221;true&#8221; link=&#8221;url:https%3A%2F%2Fwww.zefix.admin.ch%2Fit%2Fsearch%2Fentity%2Fwelcome||target:%20_blank|&#8221;][\/vc_column_inner][\/vc_row_inner][\/vc_column][\/vc_row]<\/p>\n","protected":false},"excerpt":{"rendered":"<p>[vc_row gap=&#8221;10&#8243;][vc_column][vc_raw_html]JTNDYSUyMGNsYXNzJTNEJTIyYW5jaG9yJTIyJTIwaWQlM0QlMjJha3R1ZWxsZXMlMjIlM0UlM0MlMkZhJTNF[\/vc_raw_html][vc_row_inner equal_height=&#8221;yes&#8221; content_placement=&#8221;middle&#8221; css=&#8221;.vc_custom_1576599841657{margin-top: 32px !important;margin-bottom: 32px !important;}&#8221;][vc_column_inner el_class=&#8221;vc_col-md-push-8&#8243; css=&#8221;.vc_custom_1773910117402{background-position: center !important;background-repeat: no-repeat !important;background-size: contain !important;}&#8221; offset=&#8221;vc_col-md-4&#8243;][vc_single_image image=&#8221;4067&#8243; img_size=&#8221;full&#8221; alignment=&#8221;center&#8221; onclick=&#8221;custom_link&#8221; img_link_target=&#8221;_blank&#8221; css_animation=&#8221;fadeIn&#8221; css=&#8221;.vc_custom_1773831459678{margin-top: 100px !important;}&#8221; link=&#8221;https:\/\/www.kompasstag.ch\/#informationen&#8221;][\/vc_column_inner][vc_column_inner el_class=&#8221;vc_col-md-pull-4&#8243; offset=&#8221;vc_col-md-8&#8243;][vc_raw_html]JTNDYSUyMGNsYXNzJTNEJTIyYW5jaG9yJTIyJTIwaWQlM0QlMjJrb21wYXNzJTIyJTNFJTNDJTJGYSUzRQ==[\/vc_raw_html][vc_column_text] BEKB-Kompasstag Quali sono le possibilit\u00e0 di finanziamento per la mia impresa? Il mio modello di business funziona? Con quale strategia di marketing raggiungo potenziali clienti\/e? E cosa devo considerare dal punto di vista legale per la fondazione dell&#8217;impresa? Prima di fondare un&#8217;impresa, spesso sorgono migliaia di domande. Risparmia tempo prezioso e tanti grattacapi con il <\/p>\n","protected":false},"author":1,"featured_media":0,"parent":0,"menu_order":0,"comment_status":"closed","ping_status":"closed","template":"","meta":{"footnotes":""},"class_list":["post-3414","page","type-page","status-publish","hentry"],"aioseo_notices":[],"_links":{"self":[{"href":"https:\/\/www.providereconcepts.ch\/it\/wp-json\/wp\/v2\/pages\/3414"}],"collection":[{"href":"https:\/\/www.providereconcepts.ch\/it\/wp-json\/wp\/v2\/pages"}],"about":[{"href":"https:\/\/www.providereconcepts.ch\/it\/wp-json\/wp\/v2\/types\/page"}],"author":[{"embeddable":true,"href":"https:\/\/www.providereconcepts.ch\/it\/wp-json\/wp\/v2\/users\/1"}],"replies":[{"embeddable":true,"href":"https:\/\/www.providereconcepts.ch\/it\/wp-json\/wp\/v2\/comments?post=3414"}],"version-history":[{"count":19,"href":"https:\/\/www.providereconcepts.ch\/it\/wp-json\/wp\/v2\/pages\/3414\/revisions"}],"predecessor-version":[{"id":4089,"href":"https:\/\/www.providereconcepts.ch\/it\/wp-json\/wp\/v2\/pages\/3414\/revisions\/4089"}],"wp:attachment":[{"href":"https:\/\/www.providereconcepts.ch\/it\/wp-json\/wp\/v2\/media?parent=3414"}],"curies":[{"name":"wp","href":"https:\/\/api.w.org\/{rel}","templated":true}]}}