{"id":3437,"date":"2016-05-13T13:50:41","date_gmt":"2016-05-13T11:50:41","guid":{"rendered":"https:\/\/www.providereconcepts.ch\/kontakt\/"},"modified":"2024-03-25T09:56:51","modified_gmt":"2024-03-25T08:56:51","slug":"contact","status":"publish","type":"page","link":"https:\/\/www.providereconcepts.ch\/fr\/contact\/","title":{"rendered":"Contact"},"content":{"rendered":"<p>[vc_row full_width=\u00a0\u00bbstretch_row\u00a0\u00bb][vc_column][vc_raw_html]JTNDaWZyYW1lJTIwc3JjJTNEJTIyaHR0cHMlM0ElMkYlMkZ3d3cuZ29vZ2xlLmNvbSUyRm1hcHMlMkZlbWJlZCUzRnBiJTNEJTIxMW0xOCUyMTFtMTIlMjExbTMlMjExZDI3MTQuMTU2MTUyMTUyNDMzNiUyMTJkNy4yNDc4ODExNTE4MDc5MTQlMjEzZDQ3LjEzNTIwNjcyODMxMTkzNSUyMTJtMyUyMTFmMCUyMTJmMCUyMTNmMCUyMTNtMiUyMTFpMTAyNCUyMTJpNzY4JTIxNGYxMy4xJTIxM20zJTIxMW0yJTIxMXMweDQ3OGUxOTQ5MzY4YzdmOTMlMjUzQTB4OWQ1ZmFhODhhYjIyODYzMSUyMTJzU2lsYmVyZ2Fzc2UlMkI0MiUyNTJDJTJCMjUwMyUyQkJpZWwlMjE1ZTAlMjEzbTIlMjExc2VuJTIxMnNjaCUyMTR2MTU1NjEwNTIzMjQzNyUyMTVtMiUyMTFzZW4lMjEyc2NoJTIyJTIwd2lkdGglM0QlMjIxMDAlMjUlMjIlMjBoZWlnaHQlM0QlMjI0ODBweCUyMiUyMGZyYW1lYm9yZGVyJTNEJTIyMCUyMiUyMHN0eWxlJTNEJTIyYm9yZGVyJTNBMCUyMiUyMGFsbG93ZnVsbHNjcmVlbiUzRSUzQyUyRmlmcmFtZSUzRQ==[\/vc_raw_html][\/vc_column][\/vc_row][vc_row equal_height=\u00a0\u00bbyes\u00a0\u00bb content_placement=\u00a0\u00bbbottom\u00a0\u00bb][vc_column width=\u00a0\u00bb1\/2&Prime;][vc_column_text]<\/p>\n<h3 id=\"providere-concepts-ag\" style=\"font-size: 20px!important;\"><span style=\"color: #000000;\">Providere Concepts SA<\/span><\/h3>\n<p style=\"font-size: 20px!important;\"><span style=\"color: #000000;\">Rue de l\u2019Argent 42 Biel\/Bienne<\/span><br \/>\n<span style=\"color: #000000;\">2503 Biel\/Bienne<\/span><\/p>\n<address style=\"font-size: 20px!important;\"><span style=\"color: #000000;\">Case postale 955<\/span><br \/>\n<span style=\"color: #000000;\">2501 Biel\/Bienne<\/span><\/address>\n<address style=\"font-size: 20px!important;\"><span style=\"color: #000000;\">T\u00e9l\u00e9phone <span style=\"margin-left:10px;\">032 544 14 14<\/span><\/span><br \/>\n<span style=\"color: #000000;\">Fax <span style=\"margin-left:71px;\">032 544 14 15<\/span><\/span><\/address>\n<address style=\"font-size: 20px!important;\"><a href=\"mailto:info@providereconcepts.ch\"><u><span style=\"color: #000000;\">info@providereconcepts.ch<\/span><\/u><\/a><\/address>\n<p>[\/vc_column_text][\/vc_column][vc_column width=\u00a0\u00bb1\/2&Prime;][vc_empty_space height=\u00a0\u00bb100px\u00a0\u00bb][vc_column_text]<\/p>\n<h3 id=\"wegbeschreibung\" class=\"widget-title\">Itin\u00e9raire<\/h3>\n<ul>\n<li>au centre de Bienne, \u00e0 c\u00f4t\u00e9 du Palais des Congr\u00e8s<\/li>\n<li>au 1er \u00e9tage \u00e0 la rue de l&rsquo;Argent 42 (ascenseur pour personnes disponible)<\/li>\n<li>Acc\u00e8s sans marches<\/li>\n<li>Accessible depuis la gare avec le bus n\u00b0 9<\/li>\n<li>Possibilit\u00e9 de se garer dans le parking souterrain du <strong><a href=\"https:\/\/www.apcoa.ch\/parken-in\/biel\/kongresshausparking-biel-apcoa\/\" target=\"_blank\" rel=\"noopener\">Palais des Congr\u00e8s<\/a><\/strong><\/li>\n<\/ul>\n<p>[\/vc_column_text][\/vc_column][\/vc_row][vc_row][vc_column offset=\u00a0\u00bbvc_col-lg-6 vc_col-md-6 vc_col-xs-12&Prime;][vc_row_inner][vc_column_inner width=\u00a0\u00bb1\/2&Prime;][vc_column_text css=\u00a0\u00bb.vc_custom_1708084338735{border-radius: 5px !important;}\u00a0\u00bb]<strong>Heures d&rsquo;ouverture<br \/>\n<\/strong>Nous sommes \u00e0 votre service du lundi au vendredi selon les horaires suivants:<\/p>\n<p>08:00 \u2013 12:00 \/ 14:00 \u2013 17:00<br \/>\n(vendredi jusqu\u2019\u00e0 16:00)<\/p>\n<p>Notre bureau est ferm\u00e9 les jours f\u00e9ri\u00e9s nationaux ainsi que les jours f\u00e9ri\u00e9s en vigueur dans le canton de Berne.[\/vc_column_text][\/vc_column_inner][vc_column_inner width=\u00a0\u00bb1\/2&Prime;][vc_single_image image=\u00a0\u00bb2376&Prime; img_size=\u00a0\u00bb270&#215;214&Prime;][\/vc_column_inner][\/vc_row_inner][\/vc_column][vc_column offset=\u00a0\u00bbvc_col-lg-6 vc_col-md-6 vc_col-xs-12&Prime;][vc_row_inner][vc_column_inner offset=\u00a0\u00bbvc_col-lg-6 vc_col-md-6 vc_col-xs-12&Prime;][vc_column_text]<\/p>\n<p style=\"text-align: right;\"><strong>Entr\u00e9e principale<br \/>\n<\/strong>L&rsquo;entr\u00e9e principale et la sonnette se trouvent dans la cour int\u00e9rieure ![\/vc_column_text][vc_column_text]<strong>Entr\u00e9e du Palais des Congr\u00e8s<br \/>\n<\/strong>Si vous souhaitez utiliser l&rsquo;entr\u00e9e du c\u00f4t\u00e9 du Palais des Congr\u00e8s, appelez-nous. Nous viendrons volontiers vous chercher \u00e0 la porte ferm\u00e9e.[\/vc_column_text][\/vc_column_inner][vc_column_inner width=\u00a0\u00bb1\/2&Prime; offset=\u00a0\u00bbvc_col-lg-3 vc_col-md-3 vc_col-xs-6&Prime;][vc_single_image image=\u00a0\u00bb2131&Prime; img_size=\u00a0\u00bblarge\u00a0\u00bb][\/vc_column_inner][vc_column_inner width=\u00a0\u00bb1\/2&Prime; offset=\u00a0\u00bbvc_col-lg-3 vc_col-md-3 vc_col-xs-6&Prime;][vc_single_image image=\u00a0\u00bb2133&Prime; img_size=\u00a0\u00bblarge\u00a0\u00bb][\/vc_column_inner][\/vc_row_inner][\/vc_column][\/vc_row][vc_row][vc_column][\/vc_column][\/vc_row][vc_row disable_element=\u00a0\u00bbyes\u00a0\u00bb][vc_column width=\u00a0\u00bb1\/2&Prime;][vc_row_inner disable_element=\u00a0\u00bbyes\u00a0\u00bb][vc_column_inner width=\u00a0\u00bb1\/2&Prime;][vc_single_image image=\u00a0\u00bb2129&Prime; img_size=\u00a0\u00bb270&#215;214&Prime;][\/vc_column_inner][vc_column_inner width=\u00a0\u00bb1\/2&Prime;][vc_column_text]<strong>Eingang Kongresshaus<br \/>\n<\/strong>Falls Sie den Eingang von Seite Kongresshaus nutzen m\u00f6chten, rufen Sie uns an. Gerne holen wir Sie bei der verschlossenen T\u00fcre ab.<\/p>\n<p style=\"text-align: right;\"><strong>Haupteingang<br \/>\n<\/strong>Haupteingang und Klingel befinden sich im Innenhof![\/vc_column_text][\/vc_column_inner][\/vc_row_inner][\/vc_column][vc_column width=\u00a0\u00bb1\/2&Prime;][vc_row_inner disable_element=\u00a0\u00bbyes\u00a0\u00bb][vc_column_inner width=\u00a0\u00bb1\/4&Prime;][vc_single_image image=\u00a0\u00bb2131&Prime; img_size=\u00a0\u00bblarge\u00a0\u00bb][\/vc_column_inner][vc_column_inner width=\u00a0\u00bb1\/4&Prime;][vc_single_image image=\u00a0\u00bb2133&Prime; img_size=\u00a0\u00bblarge\u00a0\u00bb][\/vc_column_inner][vc_column_inner width=\u00a0\u00bb1\/2&Prime;][vc_column_text]<\/p>\n<p style=\"text-align: right;\"><strong>Haupteingang<br \/>\n<\/strong>Haupteingang und Klingel befinden sich im Innenhof![\/vc_column_text][\/vc_column_inner][\/vc_row_inner][\/vc_column][\/vc_row]<\/p>\n","protected":false},"excerpt":{"rendered":"<p>[vc_row full_width=\u00a0\u00bbstretch_row\u00a0\u00bb][vc_column][vc_raw_html]JTNDaWZyYW1lJTIwc3JjJTNEJTIyaHR0cHMlM0ElMkYlMkZ3d3cuZ29vZ2xlLmNvbSUyRm1hcHMlMkZlbWJlZCUzRnBiJTNEJTIxMW0xOCUyMTFtMTIlMjExbTMlMjExZDI3MTQuMTU2MTUyMTUyNDMzNiUyMTJkNy4yNDc4ODExNTE4MDc5MTQlMjEzZDQ3LjEzNTIwNjcyODMxMTkzNSUyMTJtMyUyMTFmMCUyMTJmMCUyMTNmMCUyMTNtMiUyMTFpMTAyNCUyMTJpNzY4JTIxNGYxMy4xJTIxM20zJTIxMW0yJTIxMXMweDQ3OGUxOTQ5MzY4YzdmOTMlMjUzQTB4OWQ1ZmFhODhhYjIyODYzMSUyMTJzU2lsYmVyZ2Fzc2UlMkI0MiUyNTJDJTJCMjUwMyUyQkJpZWwlMjE1ZTAlMjEzbTIlMjExc2VuJTIxMnNjaCUyMTR2MTU1NjEwNTIzMjQzNyUyMTVtMiUyMTFzZW4lMjEyc2NoJTIyJTIwd2lkdGglM0QlMjIxMDAlMjUlMjIlMjBoZWlnaHQlM0QlMjI0ODBweCUyMiUyMGZyYW1lYm9yZGVyJTNEJTIyMCUyMiUyMHN0eWxlJTNEJTIyYm9yZGVyJTNBMCUyMiUyMGFsbG93ZnVsbHNjcmVlbiUzRSUzQyUyRmlmcmFtZSUzRQ==[\/vc_raw_html][\/vc_column][\/vc_row][vc_row equal_height=\u00a0\u00bbyes\u00a0\u00bb content_placement=\u00a0\u00bbbottom\u00a0\u00bb][vc_column width=\u00a0\u00bb1\/2&Prime;][vc_column_text] Providere Concepts SA Rue de l\u2019Argent 42 Biel\/Bienne 2503 Biel\/Bienne Case postale 955 2501 Biel\/Bienne T\u00e9l\u00e9phone 032 544 14 14 Fax 032 544 14 15 info@providereconcepts.ch [\/vc_column_text][\/vc_column][vc_column width=\u00a0\u00bb1\/2&Prime;][vc_empty_space height=\u00a0\u00bb100px\u00a0\u00bb][vc_column_text] Itin\u00e9raire au centre de Bienne, \u00e0 c\u00f4t\u00e9 du Palais des Congr\u00e8s au 1er \u00e9tage \u00e0 la rue de l&rsquo;Argent 42 (ascenseur pour personnes disponible) Acc\u00e8s sans marches Accessible depuis la gare avec le bus n\u00b0 9 Possibilit\u00e9 de se garer dans le parking souterrain du Palais des Congr\u00e8s [\/vc_column_text][\/vc_column][\/vc_row][vc_row][vc_column offset=\u00a0\u00bbvc_col-lg-6 vc_col-md-6 <\/p>\n","protected":false},"author":1,"featured_media":0,"parent":0,"menu_order":0,"comment_status":"closed","ping_status":"closed","template":"","meta":{"footnotes":""},"class_list":["post-3437","page","type-page","status-publish","hentry"],"aioseo_notices":[],"_links":{"self":[{"href":"https:\/\/www.providereconcepts.ch\/fr\/wp-json\/wp\/v2\/pages\/3437"}],"collection":[{"href":"https:\/\/www.providereconcepts.ch\/fr\/wp-json\/wp\/v2\/pages"}],"about":[{"href":"https:\/\/www.providereconcepts.ch\/fr\/wp-json\/wp\/v2\/types\/page"}],"author":[{"embeddable":true,"href":"https:\/\/www.providereconcepts.ch\/fr\/wp-json\/wp\/v2\/users\/1"}],"replies":[{"embeddable":true,"href":"https:\/\/www.providereconcepts.ch\/fr\/wp-json\/wp\/v2\/comments?post=3437"}],"version-history":[{"count":4,"href":"https:\/\/www.providereconcepts.ch\/fr\/wp-json\/wp\/v2\/pages\/3437\/revisions"}],"predecessor-version":[{"id":3645,"href":"https:\/\/www.providereconcepts.ch\/fr\/wp-json\/wp\/v2\/pages\/3437\/revisions\/3645"}],"wp:attachment":[{"href":"https:\/\/www.providereconcepts.ch\/fr\/wp-json\/wp\/v2\/media?parent=3437"}],"curies":[{"name":"wp","href":"https:\/\/api.w.org\/{rel}","templated":true}]}}