{"id":3411,"date":"2016-05-12T15:45:07","date_gmt":"2016-05-12T13:45:07","guid":{"rendered":"https:\/\/www.providereconcepts.ch\/news\/"},"modified":"2026-03-19T09:48:15","modified_gmt":"2026-03-19T08:48:15","slug":"news","status":"publish","type":"page","link":"https:\/\/www.providereconcepts.ch\/fr\/news\/","title":{"rendered":"News"},"content":{"rendered":"<p>[vc_row gap=&#8221;10&#8243;][vc_column][vc_raw_html]JTNDYSUyMGNsYXNzJTNEJTIyYW5jaG9yJTIyJTIwaWQlM0QlMjJha3R1ZWxsZXMlMjIlM0UlM0MlMkZhJTNF[\/vc_raw_html]\n\t\t<div class=\"section-title text-left\">\n\t\t\t<h2>Actuel<\/h2>\n\t\t\t<p class=\"lead \"><\/p>\n\t\t<\/div><!-- \/.section-title -->\n\t[vc_row_inner equal_height=&#8221;yes&#8221; content_placement=&#8221;middle&#8221; css=&#8221;.vc_custom_1576599841657{margin-top: 32px !important;margin-bottom: 32px !important;}&#8221;][vc_column_inner el_class=&#8221;vc_col-md-push-8&#8243; css=&#8221;.vc_custom_1773910000735{background-position: center !important;background-repeat: no-repeat !important;background-size: contain !important;}&#8221; offset=&#8221;vc_col-md-4&#8243;][vc_single_image image=&#8221;4068&#8243; img_size=&#8221;full&#8221; alignment=&#8221;center&#8221; onclick=&#8221;custom_link&#8221; img_link_target=&#8221;_blank&#8221; css_animation=&#8221;fadeIn&#8221; css=&#8221;.vc_custom_1773830994966{margin-top: 100px !important;}&#8221; link=&#8221;https:\/\/www.kompasstag.ch\/#informationen&#8221;][\/vc_column_inner][vc_column_inner el_class=&#8221;vc_col-md-pull-4&#8243; offset=&#8221;vc_col-md-8&#8243;][vc_raw_html]JTNDYSUyMGNsYXNzJTNEJTIyYW5jaG9yJTIyJTIwaWQlM0QlMjJrb21wYXNzdGFnJTIyJTNFJTNDJTJGYSUzRQ==[\/vc_raw_html][vc_column_text]<\/p>\n<h3 id=\"die-richtige-pensionskasse-f\u00fc\">BEKB-Kompasstag<\/h3>\n<p>Quelles sont les possibilit\u00e9s de financement pour mon entreprise ? Mon mod\u00e8le commercial est-il viable ? Quelle strat\u00e9gie marketing me permettra d&#8217;atteindre des client\u00b7e\u00b7s potentiel\u00b7le\u00b7s ? Et que dois-je prendre en compte sur le plan juridique pour cr\u00e9er mon entreprise ?<\/p>\n<p>Avant de cr\u00e9er une entreprise, des milliers de questions se posent souvent. \u00c9conomise un temps pr\u00e9cieux et bien des tracas gr\u00e2ce au BEKB-Kompasstag : concentr\u00e9es en une seule journ\u00e9e, nos expertes et experts te donnent de pr\u00e9cieuses impulsions et r\u00e9pondent \u00e0 toutes tes questions sur la cr\u00e9ation d&#8217;entreprise et le d\u00e9veloppement de ton id\u00e9e commerciale.<\/p>\n<p>En participant au BEKB-Kompasstag, tu b\u00e9n\u00e9ficies gratuitement de l&#8217;offre suivante :<\/p>\n<ul>\n<li><strong>Conseil professionnel<\/strong> : Au cours de 6 coachings individuels personnalis\u00e9s avec des expert\u00b7e\u00b7s en marketing, droit, d\u00e9veloppement de produits\/offres, fiduciaire, assurance et financement, tu obtiens des r\u00e9ponses honn\u00eates \u00e0 toutes tes questions sur ton id\u00e9e commerciale et ta future cr\u00e9ation d&#8217;entreprise.<\/li>\n<li><strong>Boost entrepreneurial<\/strong> : Laisse-toi inspirer par des fondateur\u00b7trice\u00b7s \u00e0 succ\u00e8s et recueille de pr\u00e9cieuses pistes de r\u00e9flexion et recommandations qui te rapprocheront significativement de ton propre projet d&#8217;entreprise.<\/li>\n<li><strong>\u00c9change d&#8217;exp\u00e9riences inspirant<\/strong> : Lors de l&#8217;expos\u00e9-impulsion, tu en apprendras davantage sur le parcours de fondateur\u00b7trice\u00b7s de startups \u00e0 succ\u00e8s, les obstacles qu&#8217;ils\u00b7elles ont rencontr\u00e9s en chemin et ce qu&#8217;ils\u00b7elles feraient diff\u00e9remment aujourd&#8217;hui.<\/li>\n<li><strong>Communaut\u00e9 et r\u00e9seau<\/strong> : Tu feras la connaissance de personnalit\u00e9s passionnantes et \u00e9largiras ton r\u00e9seau avec des personnes partageant les m\u00eames id\u00e9es, qui pourront jouer un r\u00f4le important pour ton entreprise \u00e0 l&#8217;avenir.<\/li>\n<\/ul>\n<p>Postule d\u00e8s aujourd&#8217;hui et participe au BEKB-Kompasstag de ton choix ![\/vc_column_text][\/vc_column_inner][\/vc_row_inner][vc_row_inner equal_height=&#8221;yes&#8221; content_placement=&#8221;middle&#8221; css=&#8221;.vc_custom_1576599841657{margin-top: 32px !important;margin-bottom: 32px !important;}&#8221;][vc_column_inner css=&#8221;.vc_custom_1587563067225{background-position: center !important;background-repeat: no-repeat !important;background-size: contain !important;}&#8221; offset=&#8221;vc_col-md-4&#8243;][vc_single_image image=&#8221;3777&#8243; img_size=&#8221;full&#8221; alignment=&#8221;center&#8221; css_animation=&#8221;fadeIn&#8221; css=&#8221;.vc_custom_1717754323781{margin-top: 100px !important;}&#8221;][\/vc_column_inner][vc_column_inner offset=&#8221;vc_col-md-8&#8243;][vc_raw_html]JTNDYSUyMGNsYXNzJTNEJTIyYW5jaG9yJTIyJTIwaWQlM0QlMjJwZW5zaW9uc2thc3NldW50ZXJuZWhtZW4lMjIlM0UlM0MlMkZhJTNF[\/vc_raw_html][vc_column_text]<\/p>\n<h3 id=\"die-richtige-pensionskasse-f\u00fc\">La bonne caisse de pension pour votre entreprise<\/h3>\n<p>Trouver la caisse de pension optimale passe d&#8217;abord par l&#8217;examen du contrat d&#8217;affiliation existant.<\/p>\n<p>Le march\u00e9 des caisses de pension a beaucoup \u00e9volu\u00e9 ces derni\u00e8res ann\u00e9es. Les importantes diff\u00e9rences de co\u00fbts justifient donc un examen de votre part, car pour les m\u00eames prestations, la caisse la plus ch\u00e8re demande plus du double du prix de la moins ch\u00e8re. Les risques et les co\u00fbts varient jusqu&#8217;\u00e0 20%.<\/p>\n<p>Outre les co\u00fbts, il y a d&#8217;autres facteurs \u00e0 prendre en compte pour trouver la solution de pr\u00e9voyance optimale pour votre entreprise. En effet, il n&#8217;est pas possible de r\u00e9pondre de mani\u00e8re g\u00e9n\u00e9rale \u00e0 la question de savoir quelle solution convient \u00e0 quelle entreprise. Il vaut donc la peine d&#8217;examiner en d\u00e9tail votre situation actuelle afin de trouver la solution id\u00e9ale pour vous et d&#8217;exploiter pleinement le potentiel existant.<\/p>\n<p>Pour une entreprise, un examen de la caisse de pension ne fait pas partie du quotidien. C&#8217;est pourquoi il vaut la peine de faire appel \u00e0 un sp\u00e9cialiste. Profitez donc de notre offre et de nos services pour trouver une solution parfaitement harmonis\u00e9e et adapt\u00e9e \u00e0 la structure de votre entreprise.<\/p>\n<p>Notre expert en LPP, <strong><a href=\"mailto:bruno.rullo@providereconcepts.ch\">Monsieur Bruno Rullo<\/a><\/strong>, poss\u00e8de plus de 25 ans d&#8217;exp\u00e9rience pratique dans le domaine de la pr\u00e9voyance professionnelle. Il vous apportera volontiers ses conseils avis\u00e9s gr\u00e2ce \u00e0 sa connaissance approfondie du march\u00e9.[\/vc_column_text][\/vc_column_inner][\/vc_row_inner][vc_row_inner css=&#8221;.vc_custom_1602081403720{margin-top: 32px !important;margin-bottom: 95px !important;}&#8221;][vc_column_inner el_class=&#8221;vc_col-md-push-8&#8243; offset=&#8221;vc_col-md-4 vc_col-xs-12&#8243;][vc_single_image image=&#8221;2174&#8243; img_size=&#8221;full&#8221; alignment=&#8221;center&#8221; css_animation=&#8221;fadeIn&#8221; css=&#8221;.vc_custom_1587974229390{margin-top: 75px !important;}&#8221;][\/vc_column_inner][vc_column_inner el_class=&#8221;vc_col-md-pull-4&#8243; offset=&#8221;vc_col-md-8 vc_col-xs-12&#8243;][vc_raw_html]JTNDYSUyMGNsYXNzJTNEJTIyYW5jaG9yJTIyJTIwaWQlM0QlMjJwZW5zaW9uc3BsYW51bmclMjIlM0UlM0MlMkZhJTNF[\/vc_raw_html][vc_column_text]<\/p>\n<h3 id=\"pensionsplanung\">Planification de retraite<\/h3>\n<p>La retraite est une \u00e9tape de la vie qui soul\u00e8ve de nombreuses interrogations :<\/p>\n<ul>\n<li>Puis-je me permettre de prendre une retraite anticip\u00e9e ?<\/li>\n<li>Quel sera mon revenu apr\u00e8s la retraite ?<\/li>\n<li>Mon patrimoine sera-t-il suffisant jusqu&#8217;\u00e0 un \u00e2ge avanc\u00e9 ?<\/li>\n<li>Dois-je me faire verser l&#8217;argent de la caisse de pension ou vaut-il mieux percevoir la rente ?<\/li>\n<li>Un versement de 50% \/ une rente de 50% serait-il judicieux ?<\/li>\n<li>Modifications et adaptations des hypoth\u00e8ques existantes ?<\/li>\n<\/ul>\n<p>Il est important de se pencher \u00e0 temps sur sa pr\u00e9voyance vieillesse individuelle. Nous vous aidons \u00e0 prendre des d\u00e9cisions financi\u00e8res importantes d\u00e8s aujourd&#8217;hui.<\/p>\n<p>Gr\u00e2ce \u00e0 notre analyse de <strong>pr\u00e9voyance\/planification financi\u00e8re professionnelle<\/strong>, nous vous pr\u00e9sentons toutes les solutions possibles. <a href=\"mailto:info@providereconcepts.ch\"><strong>Contactez-nous sans engagement<\/strong><\/a>.[\/vc_column_text][\/vc_column_inner][\/vc_row_inner][vc_row_inner css=&#8221;.vc_custom_1602076880493{margin-top: 32px !important;margin-bottom: 75px !important;}&#8221;][vc_column_inner offset=&#8221;vc_col-md-4&#8243;][vc_single_image image=&#8221;2170&#8243; img_size=&#8221;full&#8221; alignment=&#8221;center&#8221; css_animation=&#8221;fadeIn&#8221;][\/vc_column_inner][vc_column_inner offset=&#8221;vc_col-md-8&#8243;][vc_raw_html]JTNDYSUyMGNsYXNzJTNEJTIyYW5jaG9yJTIyJTIwaWQlM0QlMjJ2ZXJzaWNoZXJ1bmdzamFocmVuJTIyJTNFJTNDJTJGYSUzRQ==[\/vc_raw_html][vc_column_text css=&#8221;.vc_custom_1707908863293{margin-top: -30px !important;}&#8221;]<\/p>\n<h3 id=\"einkauf-von-versicherungsjahre\">Rachat d&#8217;ann\u00e9es d&#8217;assurance pour la pr\u00e9voyance professionnelle<\/h3>\n<p>Chaque ann\u00e9e, les personnes assur\u00e9es qui disposent d&#8217;un potentiel de rachat ont la possibilit\u00e9 de racheter des ann\u00e9es d&#8217;assurance dans le cadre de la pr\u00e9voyance professionnelle.<\/p>\n<p>Outre <strong>l&#8217;am\u00e9lioration de la couverture de pr\u00e9voyance<\/strong> (rente de vieillesse ou avoir de vieillesse plus \u00e9lev\u00e9), le rachat d&#8217;ann\u00e9es d&#8217;assurance permet de d\u00e9duire le montant vers\u00e9 \u00e0 cet effet du revenu imposable et de g\u00e9n\u00e9rer ainsi une <strong>\u00e9conomie d&#8217;imp\u00f4ts<\/strong>. Le rachat est donc un instrument de placement \u00e0 long terme.<\/p>\n<p>N&#8217;h\u00e9sitez pas \u00e0 demander conseil \u00e0 <strong><a href=\"mailto:bruno.rullo@providereconcepts.ch\">notre expert en pr\u00e9voyance<\/a><\/strong>. Il se tient \u00e0 votre disposition pour r\u00e9pondre \u00e0 vos questions.[\/vc_column_text][\/vc_column_inner][\/vc_row_inner][vc_row_inner css=&#8221;.vc_custom_1576507062301{margin-top: 32px !important;margin-bottom: 32px !important;}&#8221;][vc_column_inner el_class=&#8221;vc_col-md-push-8&#8243; offset=&#8221;vc_col-md-4&#8243;][vc_single_image image=&#8221;2404&#8243; img_size=&#8221;full&#8221; alignment=&#8221;center&#8221; css_animation=&#8221;fadeIn&#8221;][\/vc_column_inner][vc_column_inner el_class=&#8221;vc_col-md-pull-4&#8243; offset=&#8221;vc_col-md-8&#8243;][vc_column_text css=&#8221;.vc_custom_1707908880281{margin-top: 45px !important;}&#8221;]<strong>Trouver la meilleure caisse maladie<\/strong><\/p>\n<p>Les prestations de l&#8217;assurance de base sont d\u00e9finies avec pr\u00e9cision dans la loi (LAMal) et sont donc identiques pour toutes les caisses maladie. Une comparaison des caisses-maladie peut donc s&#8217;av\u00e9rer financi\u00e8rement int\u00e9ressante pour vous.<\/p>\n<p>Pour comparer les caisses-maladie de mani\u00e8re neutre, nous vous recommandons le calculateur de primes de la Conf\u00e9d\u00e9ration suisse :[\/vc_column_text][vc_single_image image=&#8221;4047&#8243; img_size=&#8221;medium&#8221; onclick=&#8221;custom_link&#8221; img_link_target=&#8221;_blank&#8221; link=&#8221;https:\/\/www.priminfo.admin.ch\/fr\/praemien&#8221; el_class=&#8221;inline-image&#8221; css=&#8221;.vc_custom_1773834167662{margin-top: 20px !important;border-top-width: 1px !important;border-right-width: 1px !important;border-bottom-width: 1px !important;border-left-width: 1px !important;border-left-color: #000000 !important;border-left-style: solid !important;border-right-color: #000000 !important;border-right-style: solid !important;border-top-color: #000000 !important;border-top-style: solid !important;border-bottom-color: #000000 !important;border-bottom-style: solid !important;}&#8221;][\/vc_column_inner][\/vc_row_inner][\/vc_column][\/vc_row][vc_row gap=&#8221;10&#8243; css=&#8221;.vc_custom_1605081688725{margin-top: 100px !important;}&#8221;][vc_column][vc_raw_html]JTNDYSUyMGNsYXNzJTNEJTIyYW5jaG9yJTIyJTIwaWQlM0QlMjJ3aXNzZW5zd2VydGVzJTIyJTNFJTNDJTJGYSUzRQ==[\/vc_raw_html]\n\t\t<div class=\"section-title text-left\">\n\t\t\t<h2>Bon \u00e0 savoir<\/h2>\n\t\t\t<p class=\"lead \"><\/p>\n\t\t<\/div><!-- \/.section-title -->\n\t[vc_row_inner][vc_column_inner width=&#8221;1\/3&#8243;][vc_single_image image=&#8221;3990&#8243; img_size=&#8221;large&#8221; onclick=&#8221;custom_link&#8221; img_link_target=&#8221;_blank&#8221; link=&#8221;https:\/\/www.providereconcepts.ch\/wp-content\/uploads\/2026\/03\/unfallmerkblatt_f_041016.pdf&#8221; css=&#8221;.vc_custom_1773215889027{border-top-width: 1px !important;border-right-width: 1px !important;border-bottom-width: 1px !important;border-left-width: 1px !important;border-left-color: #0a0a0a !important;border-left-style: solid !important;border-right-color: #0a0a0a !important;border-right-style: solid !important;border-top-color: #0a0a0a !important;border-top-style: solid !important;border-bottom-color: #0a0a0a !important;border-bottom-style: solid !important;}&#8221;][\/vc_column_inner][vc_column_inner width=&#8221;2\/3&#8243;][vc_column_text css=&#8221;.vc_custom_1737100057805{margin-top: 45px !important;}&#8221;]Accident de voiture \u00e0 l&#8217;\u00e9tranger &#8211; Que faire ?<br \/>\nCette fiche d&#8217;information contient des conseils sur la conduite \u00e0 tenir apr\u00e8s un accident \u00e0 l&#8217;\u00e9tranger et les points importants \u00e0 surveiller.[\/vc_column_text][\/vc_column_inner][\/vc_row_inner][vc_row_inner css=&#8221;.vc_custom_1773831282030{margin-top: 20px !important;}&#8221;][vc_column_inner el_class=&#8221;vc_col-md-push-8&#8243; width=&#8221;1\/3&#8243;][vc_single_image image=&#8221;4007&#8243; img_size=&#8221;large&#8221; onclick=&#8221;custom_link&#8221; img_link_target=&#8221;_blank&#8221; link=&#8221;https:\/\/www.ch.ch\/fr\/&#8221;][\/vc_column_inner][vc_column_inner el_class=&#8221;vc_col-md-pull-4&#8243; width=&#8221;2\/3&#8243;][vc_column_text css=&#8221;.vc_custom_1773910026732{margin-top: 45px !important;}&#8221; el_class=&#8221;md-text-right&#8221;]Une offre de la Conf\u00e9d\u00e9ration, des cantons et des communes[\/vc_column_text][\/vc_column_inner][\/vc_row_inner][vc_row_inner css=&#8221;.vc_custom_1773831290911{margin-top: 20px !important;}&#8221;][vc_column_inner width=&#8221;1\/3&#8243;][vc_single_image image=&#8221;4055&#8243; img_size=&#8221;large&#8221; onclick=&#8221;custom_link&#8221; img_link_target=&#8221;_blank&#8221; link=&#8221;https:\/\/www.kmu.admin.ch\/kmu\/fr\/home.html&#8221; css=&#8221;.vc_custom_1773831356140{border-top-width: 1px !important;border-right-width: 1px !important;border-bottom-width: 1px !important;border-left-width: 1px !important;border-left-color: #000000 !important;border-left-style: solid !important;border-right-color: #000000 !important;border-right-style: solid !important;border-top-color: #000000 !important;border-top-style: solid !important;border-bottom-color: #000000 !important;border-bottom-style: solid !important;}&#8221; el_class=&#8221;inline-image&#8221;][\/vc_column_inner][vc_column_inner width=&#8221;2\/3&#8243;][vc_column_text css=&#8221;.vc_custom_1773831336384{margin-top: 25px !important;}&#8221;]Portail PME pour petites et moyennes entreprises[\/vc_column_text][\/vc_column_inner][\/vc_row_inner][\/vc_column][\/vc_row][vc_row css=&#8221;.vc_custom_1602225178576{margin-bottom: -85px !important;}&#8221;][vc_column][vc_raw_html]JTNDYSUyMGNsYXNzJTNEJTIyYW5jaG9yJTIyJTIwaWQlM0QlMjJsaW5rcyUyMiUzRSUzQyUyRmElM0U=[\/vc_raw_html]\n\t\t<div class=\"section-title text-left\">\n\t\t\t<h2>Liens<\/h2>\n\t\t\t<p class=\"lead \"><\/p>\n\t\t<\/div><!-- \/.section-title -->\n\t[\/vc_column][\/vc_row][vc_row][vc_column width=&#8221;1\/2&#8243;][vc_row_inner][vc_column_inner el_class=&#8221;link_card&#8221; css=&#8221;.vc_custom_1601992529548{padding-top: 15px !important;padding-right: 15px !important;padding-bottom: 15px !important;padding-left: 15px !important;background-image: url(https:\/\/www.providereconcepts.ch\/wp-content\/uploads\/2020\/03\/leistungen_4.png?id=2667) !important;background-position: center !important;background-repeat: no-repeat !important;background-size: cover !important;}&#8221;][vc_column_text]<\/p>\n<h4 id=\"die-schweizer-beh\u00f6rden-online\"><span style=\"color: #ffffff;\">Chiffres caract\u00e9ristiques AVS\/AI\/LPP\/LAA<\/span><br \/>\n<span style=\"color: #ffffff;\"> de Swiss Life<\/span><\/h4>\n<p>[\/vc_column_text][vc_btn title=&#8221;PDF&#8221; i_icon_fontawesome=&#8221;fa fa-download&#8221; add_icon=&#8221;true&#8221; link=&#8221;url:https%3A%2F%2Fwww.providereconcepts.ch%2Fwp-content%2Fuploads%2F2026%2F03%2F2026-Kennzahlenkarte_aktuell_de.pdf||target:%20_blank|&#8221;][\/vc_column_inner][\/vc_row_inner][vc_row_inner][vc_column_inner el_class=&#8221;link_card&#8221; css=&#8221;.vc_custom_1601992547424{padding-top: 15px !important;padding-right: 15px !important;padding-bottom: 15px !important;padding-left: 15px !important;background-image: url(https:\/\/www.providereconcepts.ch\/wp-content\/uploads\/2020\/03\/leistungen_6.png?id=2671) !important;background-position: center !important;background-repeat: no-repeat !important;background-size: cover !important;}&#8221;][vc_column_text]<\/p>\n<h4 id=\"die-schweizer-beh\u00f6rden-online\"><span style=\"color: #ffffff;\">Le Centre d&#8217;information AVS\/AI \u2013 www.ahv-iv.ch<\/span><br \/>\n<span style=\"color: #ffffff;\">Demande d&#8217;extrait de compte \/ Compte individuel (CI)<\/span><\/h4>\n<p>[\/vc_column_text][vc_btn title=&#8221;Site internet&#8221; i_icon_fontawesome=&#8221;fa fa-external-link&#8221; add_icon=&#8221;true&#8221; link=&#8221;url:https%3A%2F%2Fwww.ahv-iv.ch%2Ffr%2F||target:%20_blank|&#8221;][\/vc_column_inner][\/vc_row_inner][\/vc_column][vc_column width=&#8221;1\/2&#8243;][vc_row_inner][vc_column_inner el_class=&#8221;link_card&#8221; css=&#8221;.vc_custom_1601992539020{padding-top: 15px !important;padding-right: 15px !important;padding-bottom: 15px !important;padding-left: 15px !important;background-image: url(https:\/\/www.providereconcepts.ch\/wp-content\/uploads\/2020\/03\/leistungen_5.png?id=2669) !important;background-position: center !important;background-repeat: no-repeat !important;background-size: cover !important;}&#8221;][vc_column_text]<\/p>\n<h4 id=\"die-schweizer-beh\u00f6rden-online\"><span style=\"color: #ffffff;\">Rentes compl\u00e8tes mensuelles, <\/span><br \/>\n<span style=\"color: #ffffff;\">\u00e9chelle 44<\/span><\/h4>\n<p>[\/vc_column_text][vc_btn title=&#8221;Site internet&#8221; i_icon_fontawesome=&#8221;fa fa-external-link&#8221; add_icon=&#8221;true&#8221; link=&#8221;url:https%3A%2F%2Fwww.ahv-iv.ch%2FPortals%2F0%2Fadam%2FAHV-IV%2F8SvWAfGT_kCZJNivxn3o_w%2FDocument%2FMonatliche%2520Vollrenten%2C%2520Skala%252044%252013.pdf||target:%20_blank|&#8221;][\/vc_column_inner][\/vc_row_inner][vc_row_inner css=&#8221;.vc_custom_1601992484393{background-position: center !important;background-repeat: no-repeat !important;background-size: cover !important;}&#8221;][vc_column_inner el_class=&#8221;link_card&#8221; css=&#8221;.vc_custom_1601992493648{padding-top: 15px !important;padding-right: 15px !important;padding-bottom: 15px !important;padding-left: 15px !important;background-image: url(https:\/\/www.providereconcepts.ch\/wp-content\/uploads\/2020\/03\/leistungen_1.png?id=2661) !important;background-position: center !important;background-repeat: no-repeat !important;background-size: cover !important;}&#8221;][vc_column_text]<\/p>\n<h4 id=\"die-schweizer-beh\u00f6rden-online\"><span style=\"color: #ffffff;\">Index central des raisons de commerce<\/span><\/h4>\n<p>[\/vc_column_text][vc_btn title=&#8221;Site internet&#8221; i_icon_fontawesome=&#8221;fa fa-external-link&#8221; add_icon=&#8221;true&#8221; link=&#8221;url:https%3A%2F%2Fwww.zefix.admin.ch%2Ffr%2Fsearch%2Fentity%2Fwelcome||target:%20_blank|&#8221;][\/vc_column_inner][\/vc_row_inner][\/vc_column][\/vc_row]<\/p>\n","protected":false},"excerpt":{"rendered":"<p>[vc_row gap=&#8221;10&#8243;][vc_column][vc_raw_html]JTNDYSUyMGNsYXNzJTNEJTIyYW5jaG9yJTIyJTIwaWQlM0QlMjJha3R1ZWxsZXMlMjIlM0UlM0MlMkZhJTNF[\/vc_raw_html][vc_row_inner equal_height=&#8221;yes&#8221; content_placement=&#8221;middle&#8221; css=&#8221;.vc_custom_1576599841657{margin-top: 32px !important;margin-bottom: 32px !important;}&#8221;][vc_column_inner el_class=&#8221;vc_col-md-push-8&#8243; css=&#8221;.vc_custom_1773910000735{background-position: center !important;background-repeat: no-repeat !important;background-size: contain !important;}&#8221; offset=&#8221;vc_col-md-4&#8243;][vc_single_image image=&#8221;4068&#8243; img_size=&#8221;full&#8221; alignment=&#8221;center&#8221; onclick=&#8221;custom_link&#8221; img_link_target=&#8221;_blank&#8221; css_animation=&#8221;fadeIn&#8221; css=&#8221;.vc_custom_1773830994966{margin-top: 100px !important;}&#8221; link=&#8221;https:\/\/www.kompasstag.ch\/#informationen&#8221;][\/vc_column_inner][vc_column_inner el_class=&#8221;vc_col-md-pull-4&#8243; offset=&#8221;vc_col-md-8&#8243;][vc_raw_html]JTNDYSUyMGNsYXNzJTNEJTIyYW5jaG9yJTIyJTIwaWQlM0QlMjJrb21wYXNzdGFnJTIyJTNFJTNDJTJGYSUzRQ==[\/vc_raw_html][vc_column_text] BEKB-Kompasstag Quelles sont les possibilit\u00e9s de financement pour mon entreprise ? Mon mod\u00e8le commercial est-il viable ? Quelle strat\u00e9gie marketing me permettra d&#8217;atteindre des client\u00b7e\u00b7s potentiel\u00b7le\u00b7s ? Et que dois-je prendre en compte sur le plan juridique pour cr\u00e9er mon entreprise ? Avant de cr\u00e9er une entreprise, des milliers de questions se posent souvent. \u00c9conomise <\/p>\n","protected":false},"author":1,"featured_media":0,"parent":0,"menu_order":0,"comment_status":"closed","ping_status":"closed","template":"","meta":{"footnotes":""},"class_list":["post-3411","page","type-page","status-publish","hentry"],"aioseo_notices":[],"_links":{"self":[{"href":"https:\/\/www.providereconcepts.ch\/fr\/wp-json\/wp\/v2\/pages\/3411"}],"collection":[{"href":"https:\/\/www.providereconcepts.ch\/fr\/wp-json\/wp\/v2\/pages"}],"about":[{"href":"https:\/\/www.providereconcepts.ch\/fr\/wp-json\/wp\/v2\/types\/page"}],"author":[{"embeddable":true,"href":"https:\/\/www.providereconcepts.ch\/fr\/wp-json\/wp\/v2\/users\/1"}],"replies":[{"embeddable":true,"href":"https:\/\/www.providereconcepts.ch\/fr\/wp-json\/wp\/v2\/comments?post=3411"}],"version-history":[{"count":24,"href":"https:\/\/www.providereconcepts.ch\/fr\/wp-json\/wp\/v2\/pages\/3411\/revisions"}],"predecessor-version":[{"id":4088,"href":"https:\/\/www.providereconcepts.ch\/fr\/wp-json\/wp\/v2\/pages\/3411\/revisions\/4088"}],"wp:attachment":[{"href":"https:\/\/www.providereconcepts.ch\/fr\/wp-json\/wp\/v2\/media?parent=3411"}],"curies":[{"name":"wp","href":"https:\/\/api.w.org\/{rel}","templated":true}]}}